{"id":115,"date":"2024-05-16T17:02:04","date_gmt":"2024-05-16T17:02:04","guid":{"rendered":"https:\/\/iclab.icaa.pt\/?page_id=115"},"modified":"2024-05-24T15:17:33","modified_gmt":"2024-05-24T15:17:33","slug":"quem-somos","status":"publish","type":"page","link":"https:\/\/iclab.icaa.pt\/en\/quem-somos\/","title":{"rendered":"About Us"},"content":{"rendered":"<p>[et_pb_section fb_built=&#8221;1&#8243; admin_label=&#8221;Title&#8221; _builder_version=&#8221;4.23&#8243; _module_preset=&#8221;default&#8221; background_color=&#8221;gcid-c5e5cc09-5d4f-4c97-9d5b-5ce8359efee6&#8243; custom_margin=&#8221;0px||0px||false|false&#8221; custom_padding=&#8221;20px||20px||false|false&#8221; global_colors_info=&#8221;{%22gcid-c5e5cc09-5d4f-4c97-9d5b-5ce8359efee6%22:%91%22background_color%22%93}&#8221;][et_pb_row _builder_version=&#8221;4.23&#8243; _module_preset=&#8221;default&#8221; custom_margin=&#8221;||||false|false&#8221; global_colors_info=&#8221;{}&#8221;][et_pb_column type=&#8221;4_4&#8243; _builder_version=&#8221;4.23&#8243; _module_preset=&#8221;default&#8221; global_colors_info=&#8221;{}&#8221;][et_pb_text _builder_version=&#8221;4.23&#8243; text_font=&#8221;||||||||&#8221; text_text_color=&#8221;#34ABD6&#8243; header_font=&#8221;||||||||&#8221; header_3_font=&#8221;Poppins|600|||||||&#8221; header_3_text_color=&#8221;#44d89e&#8221; header_3_font_size=&#8221;36px&#8221; header_3_line_height=&#8221;1.4em&#8221; global_colors_info=&#8221;{}&#8221;]<\/p>\n<h3 style=\"text-align: center\"><span style=\"color: #ffffff\">Quem Somos<br \/><\/span><\/h3>\n<p>[\/et_pb_text][\/et_pb_column][\/et_pb_row][\/et_pb_section][et_pb_section fb_built=&#8221;1&#8243; admin_label=&#8221;About Us&#8221; _builder_version=&#8221;4.23&#8243; background_enable_color=&#8221;off&#8221; custom_padding=&#8221;0px|0px|50px|0px|false|false&#8221; global_colors_info=&#8221;{}&#8221;][et_pb_row _builder_version=&#8221;4.23&#8243; background_size=&#8221;initial&#8221; background_position=&#8221;top_left&#8221; background_repeat=&#8221;repeat&#8221; custom_margin=&#8221;0px||0px||false|false&#8221; custom_padding=&#8221;0px||0px||false|false&#8221; locked=&#8221;off&#8221; global_colors_info=&#8221;{}&#8221;][et_pb_column type=&#8221;4_4&#8243; _builder_version=&#8221;4.16&#8243; custom_padding=&#8221;60px|||&#8221; global_colors_info=&#8221;{}&#8221; custom_padding__hover=&#8221;|||&#8221;][et_pb_text _builder_version=&#8221;4.25.1&#8243; text_font=&#8221;||||||||&#8221; header_font=&#8221;||||||||&#8221; header_3_font=&#8221;Poppins|600|||||||&#8221; header_3_font_size=&#8221;36px&#8221; header_3_line_height=&#8221;1.4em&#8221; background_layout=&#8221;dark&#8221; global_colors_info=&#8221;{}&#8221;]<\/p>\n<h3><span style=\"color: #34abd6;\">Sobre o IC Lab<br \/>\n<\/span><\/h3>\n<p>[\/et_pb_text][et_pb_text _builder_version=&#8221;4.25.1&#8243; text_font=&#8221;Open Sans||||||||&#8221; text_font_size=&#8221;17px&#8221; text_line_height=&#8221;1.8em&#8221; header_font=&#8221;||||||||&#8221; background_layout=&#8221;dark&#8221; global_colors_info=&#8221;{}&#8221;]<\/p>\n<p><span style=\"color: #486066\"><strong>IC Lab &#8211; Centro de Investiga\u00e7\u00e3o em Capital Intelectual<\/strong> \u00e9 um centro de investiga\u00e7\u00e3o da ICAA, criado em 2012 para dar suporte aos diversos projetos de investiga\u00e7\u00e3o em que a ICAA tem vindo a participar.<\/span><\/p>\n<p><span style=\"color: #486066\"><strong>IC Lab<\/strong> \u00e9 formado por uma equipa multidisciplinar composta por investigadores de v\u00e1rios pa\u00edses que determinam as principais orienta\u00e7\u00f5es a seguir pelo Centro de Investiga\u00e7\u00e3o. Esta equipa tem fortes rela\u00e7\u00f5es com v\u00e1rias organiza\u00e7\u00f5es, permitindo assim que a investiga\u00e7\u00e3o feita responda aos objetivos concretos da sociedade atual.<\/span><\/p>\n<p><span style=\"color: #486066\"><strong>IC Lab<\/strong> tem como objetivo principal \u201ccriar conhecimento\u201d que possa ser o fator gerador de desenvolvimento econ\u00f3mico e social das organiza\u00e7\u00f5es, das regi\u00f5es e dos pa\u00edses.<\/span><\/p>\n<p><span style=\"color: #486066\">Para alcan\u00e7ar os seus objetivos, o <strong>IC Lab<\/strong> promove o interc\u00e2mbio mundial de ideias e experi\u00eancias na \u00e1rea de gest\u00e3o de capital intelectual e da gest\u00e3o do conhecimento, a pesquisa aplicada no desenvolvimento de neg\u00f3cios e a investiga\u00e7\u00e3o cient\u00edfica, a n\u00edvel nacional e internacional.<\/span><\/p>\n<p>[\/et_pb_text][\/et_pb_column][\/et_pb_row][\/et_pb_section][et_pb_section fb_built=&#8221;1&#8243; admin_label=&#8221;Mission&#8221; _builder_version=&#8221;4.24.0&#8243; background_color=&#8221;#34ABD6&#8243; custom_margin=&#8221;||||false|false&#8221; custom_padding=&#8221;||||false|false&#8221; global_colors_info=&#8221;{}&#8221;][et_pb_row admin_label=&#8221;Row&#8221; _builder_version=&#8221;4.24.0&#8243; custom_margin=&#8221;0px||0px||false|false&#8221; custom_padding=&#8221;0px||0px||false|false&#8221; global_colors_info=&#8221;{}&#8221;][et_pb_column type=&#8221;4_4&#8243; _builder_version=&#8221;4.16&#8243; custom_padding=&#8221;|||&#8221; global_colors_info=&#8221;{}&#8221; custom_padding__hover=&#8221;|||&#8221;][et_pb_text _builder_version=&#8221;4.25.1&#8243; text_font=&#8221;||||||||&#8221; text_text_color=&#8221;#34ABD6&#8243; header_font=&#8221;||||||||&#8221; header_3_font=&#8221;Poppins|600|||||||&#8221; header_3_text_color=&#8221;#44d89e&#8221; header_3_font_size=&#8221;36px&#8221; header_3_line_height=&#8221;1.4em&#8221; global_colors_info=&#8221;{}&#8221;]<\/p>\n<h3><span style=\"color: #ffffff\">Porque \u00e9 que o IC Lab foi criado?<\/span><\/h3>\n<p>[\/et_pb_text][et_pb_text _builder_version=&#8221;4.25.1&#8243; text_font=&#8221;Open Sans||||||||&#8221; text_text_color=&#8221;#486066&#8243; text_font_size=&#8221;17px&#8221; text_line_height=&#8221;1.8em&#8221; header_font=&#8221;||||||||&#8221; custom_padding=&#8221;||||false|false&#8221; hover_enabled=&#8221;0&#8243; global_colors_info=&#8221;{}&#8221; sticky_enabled=&#8221;0&#8243;]<\/p>\n<p style=\"text-align: justify;\"><span style=\"color: #ffffff;\"><strong>IC Lab<\/strong> foi criado porque a economia global est\u00e1 em mudan\u00e7a. Os recursos s\u00e3o escassos, as empresas e os pa\u00edses precisam de ser mais competitivos e mais produtivos e os melhores especialistas da atualidade t\u00eam demonstrado que o futuro do desenvolvimento econ\u00f3mico passar\u00e1, inevitavelmente, por uma melhor gest\u00e3o dos ativos intang\u00edveis, denominado capital intelectual.<\/span><\/p>\n<p style=\"text-align: justify;\"><span style=\"color: #ffffff;\">O capital intelectual tornou-se, assim, num elemento-chave da economia do conhecimento e a sua gest\u00e3o \u00e9, portanto, um fator que influencia a vantagem competitiva das empresas, das regi\u00f5es e dos pa\u00edses. Em pa\u00edses com limitados recursos naturais e econ\u00f3micos, como \u00e9 o caso de Portugal, as vantagens competitivas s\u00f3 podem advir da inova\u00e7\u00e3o, resultante de uma melhor gest\u00e3o desses ativos.<\/span><\/p>\n<p style=\"text-align: justify;\"><span style=\"color: #ffffff;\">Em face disso s\u00e3o necess\u00e1rias estruturas especializadas em produ\u00e7\u00e3o de ci\u00eancia nestas \u00e1reas da gest\u00e3o dos ativos intang\u00edveis. O <strong>IC Lab<\/strong> foi criado para responder a estes desafios.<\/span><\/p>\n<p>[\/et_pb_text][\/et_pb_column][\/et_pb_row][\/et_pb_section][et_pb_section fb_built=&#8221;1&#8243; admin_label=&#8221;About Us&#8221; _builder_version=&#8221;4.25.1&#8243; background_enable_color=&#8221;off&#8221; custom_padding=&#8221;0px|0px|75px|0px|false|false&#8221; global_colors_info=&#8221;{}&#8221;][et_pb_row _builder_version=&#8221;4.23&#8243; background_size=&#8221;initial&#8221; background_position=&#8221;top_left&#8221; background_repeat=&#8221;repeat&#8221; custom_margin=&#8221;0px||0px||false|false&#8221; custom_padding=&#8221;0px||0px||false|false&#8221; locked=&#8221;off&#8221; global_colors_info=&#8221;{}&#8221;][et_pb_column type=&#8221;4_4&#8243; _builder_version=&#8221;4.16&#8243; custom_padding=&#8221;60px|||&#8221; global_colors_info=&#8221;{}&#8221; custom_padding__hover=&#8221;|||&#8221;][et_pb_text _builder_version=&#8221;4.25.1&#8243; text_font=&#8221;||||||||&#8221; header_font=&#8221;||||||||&#8221; header_3_font=&#8221;Poppins|600|||||||&#8221; header_3_font_size=&#8221;36px&#8221; header_3_line_height=&#8221;1.4em&#8221; background_layout=&#8221;dark&#8221; global_colors_info=&#8221;{}&#8221;]<\/p>\n<h3><span style=\"color: #34abd6;\">O que fazemos no IC Lab?<br \/>\n<\/span><\/h3>\n<p>[\/et_pb_text][et_pb_text _builder_version=&#8221;4.25.1&#8243; text_font=&#8221;Open Sans||||||||&#8221; text_font_size=&#8221;17px&#8221; text_line_height=&#8221;1.8em&#8221; header_font=&#8221;||||||||&#8221; background_layout=&#8221;dark&#8221; global_colors_info=&#8221;{}&#8221;]<\/p>\n<p><span style=\"color: #486066\">Fazemos investiga\u00e7\u00e3o que permita transpor para o ambiente econ\u00f3mico das empresas, os processos mais avan\u00e7ados de investiga\u00e7\u00e3o cient\u00edfica e acad\u00e9mica das \u00e1reas afins ao capital intelectual.<\/span><\/p>\n<p><span style=\"color: #486066\">Pretendemos criar fortes rela\u00e7\u00f5es interdisciplinares entre os aspetos mais t\u00e9cnicos da ci\u00eancia, os aspetos relacionados com o conhecimento humano e outros aspetos de ordem social, cultural, econ\u00f3mica ou mesmo ambiental.<\/span><\/p>\n<p><span style=\"color: #486066\"><strong>IC Lab<\/strong> procura juntar as v\u00e1rias componentes que constituem o ADN do sucesso das empresas, das cidades, das regi\u00f5es e dos pa\u00edses.<\/span><\/p>\n<p>[\/et_pb_text][\/et_pb_column][\/et_pb_row][\/et_pb_section]<\/p>\n","protected":false},"excerpt":{"rendered":"<p>Quem SomosSobre o IC Lab IC Lab &#8211; Centro de Investiga\u00e7\u00e3o em Capital Intelectual \u00e9 um centro de investiga\u00e7\u00e3o da ICAA, criado em 2012 para dar suporte aos diversos projetos de investiga\u00e7\u00e3o em que a ICAA tem vindo a participar. IC Lab \u00e9 formado por uma equipa multidisciplinar composta por investigadores de v\u00e1rios pa\u00edses que [&hellip;]<\/p>\n","protected":false},"author":1,"featured_media":243,"parent":0,"menu_order":0,"comment_status":"closed","ping_status":"closed","template":"","meta":{"_et_pb_use_builder":"on","_et_pb_old_content":"","_et_gb_content_width":"","footnotes":""},"class_list":["post-115","page","type-page","status-publish","has-post-thumbnail","hentry"],"aioseo_notices":[],"_links":{"self":[{"href":"https:\/\/iclab.icaa.pt\/en\/wp-json\/wp\/v2\/pages\/115","targetHints":{"allow":["GET"]}}],"collection":[{"href":"https:\/\/iclab.icaa.pt\/en\/wp-json\/wp\/v2\/pages"}],"about":[{"href":"https:\/\/iclab.icaa.pt\/en\/wp-json\/wp\/v2\/types\/page"}],"author":[{"embeddable":true,"href":"https:\/\/iclab.icaa.pt\/en\/wp-json\/wp\/v2\/users\/1"}],"replies":[{"embeddable":true,"href":"https:\/\/iclab.icaa.pt\/en\/wp-json\/wp\/v2\/comments?post=115"}],"version-history":[{"count":7,"href":"https:\/\/iclab.icaa.pt\/en\/wp-json\/wp\/v2\/pages\/115\/revisions"}],"predecessor-version":[{"id":154,"href":"https:\/\/iclab.icaa.pt\/en\/wp-json\/wp\/v2\/pages\/115\/revisions\/154"}],"wp:featuredmedia":[{"embeddable":true,"href":"https:\/\/iclab.icaa.pt\/en\/wp-json\/wp\/v2\/media\/243"}],"wp:attachment":[{"href":"https:\/\/iclab.icaa.pt\/en\/wp-json\/wp\/v2\/media?parent=115"}],"curies":[{"name":"wp","href":"https:\/\/api.w.org\/{rel}","templated":true}]}}