{"id":126,"date":"2024-05-19T16:19:01","date_gmt":"2024-05-19T16:19:01","guid":{"rendered":"https:\/\/iclab.icaa.pt\/?page_id=126"},"modified":"2024-05-19T16:25:31","modified_gmt":"2024-05-19T16:25:31","slug":"conselho-cientifico","status":"publish","type":"page","link":"https:\/\/iclab.icaa.pt\/en\/conselho-cientifico\/","title":{"rendered":"Scientific Board"},"content":{"rendered":"<p>[et_pb_section fb_built=&#8221;1&#8243; admin_label=&#8221;Title&#8221; _builder_version=&#8221;4.23&#8243; _module_preset=&#8221;default&#8221; background_color=&#8221;gcid-c5e5cc09-5d4f-4c97-9d5b-5ce8359efee6&#8243; custom_margin=&#8221;0px||0px||false|false&#8221; custom_padding=&#8221;20px||20px||false|false&#8221; locked=&#8221;off&#8221; global_colors_info=&#8221;{%22gcid-c5e5cc09-5d4f-4c97-9d5b-5ce8359efee6%22:%91%22background_color%22%93}&#8221;][et_pb_row _builder_version=&#8221;4.23&#8243; _module_preset=&#8221;default&#8221; custom_margin=&#8221;||||false|false&#8221; global_colors_info=&#8221;{}&#8221;][et_pb_column type=&#8221;4_4&#8243; _builder_version=&#8221;4.23&#8243; _module_preset=&#8221;default&#8221; global_colors_info=&#8221;{}&#8221;][et_pb_text _builder_version=&#8221;4.25.1&#8243; text_font=&#8221;||||||||&#8221; text_text_color=&#8221;#34ABD6&#8243; header_font=&#8221;||||||||&#8221; header_3_font=&#8221;Poppins|600|||||||&#8221; header_3_text_color=&#8221;#44d89e&#8221; header_3_font_size=&#8221;36px&#8221; header_3_line_height=&#8221;1.4em&#8221; hover_enabled=&#8221;0&#8243; global_colors_info=&#8221;{}&#8221; sticky_enabled=&#8221;0&#8243;]<\/p>\n<h3 style=\"text-align: center\"><span style=\"color: #ffffff\">Conselho Cient\u00edfico<br \/><\/span><\/h3>\n<p>[\/et_pb_text][\/et_pb_column][\/et_pb_row][\/et_pb_section][et_pb_section fb_built=&#8221;1&#8243; _builder_version=&#8221;4.23&#8243; _module_preset=&#8221;default&#8221; global_colors_info=&#8221;{}&#8221;][et_pb_row _builder_version=&#8221;4.23&#8243; _module_preset=&#8221;default&#8221; global_colors_info=&#8221;{}&#8221;][et_pb_column type=&#8221;4_4&#8243; _builder_version=&#8221;4.23&#8243; _module_preset=&#8221;default&#8221; global_colors_info=&#8221;{}&#8221;][et_pb_text _builder_version=&#8221;4.25.1&#8243; _module_preset=&#8221;default&#8221; text_font_size=&#8221;17px&#8221; locked=&#8221;off&#8221; global_colors_info=&#8221;{}&#8221;]<\/p>\n<p style=\"text-align: center;\">Este Conselho \u00e9 respons\u00e1vel pela orienta\u00e7\u00e3o e acompanhamento cient\u00edfico do IC Lab.<\/p>\n<p>[\/et_pb_text][\/et_pb_column][\/et_pb_row][\/et_pb_section][et_pb_section fb_built=&#8221;1&#8243; admin_label=&#8221;Our Teachers Section&#8221; _builder_version=&#8221;4.23&#8243; background_color=&#8221;#FFFFFF&#8221; custom_padding=&#8221;0px|0px|100px|0px|false|false&#8221; global_colors_info=&#8221;{}&#8221;][et_pb_row use_custom_gutter=&#8221;on&#8221; gutter_width=&#8221;2&#8243; custom_padding_last_edited=&#8221;on|desktop&#8221; _builder_version=&#8221;4.24.0&#8243; custom_margin_tablet=&#8221;||30px||false|false&#8221; custom_margin_phone=&#8221;||30px||false|false&#8221; custom_margin_last_edited=&#8221;on|phone&#8221; custom_padding=&#8221;|||&#8221; custom_padding_tablet=&#8221;0px||0px|&#8221; custom_padding_phone=&#8221;&#8221; locked=&#8221;off&#8221; global_colors_info=&#8221;{}&#8221;][et_pb_column type=&#8221;4_4&#8243; _builder_version=&#8221;4.16&#8243; custom_padding=&#8221;|||&#8221; global_colors_info=&#8221;{}&#8221; custom_padding__hover=&#8221;|||&#8221;][et_pb_team_member name=&#8221;Albino Lopes&#8221; position=&#8221;Portugal&#8221; image_url=&#8221;http:\/\/iclab.icaa.pt\/wp-content\/uploads\/sites\/2\/2024\/05\/Albino_Lopes.png&#8221; _builder_version=&#8221;4.24.0&#8243; _module_preset=&#8221;default&#8221; body_text_align=&#8221;justify&#8221; body_font_size=&#8221;13px&#8221; global_colors_info=&#8221;{}&#8221;]<\/p>\n<p>Professor and Phd Coordinator at Instituto Superior de Ci\u00eancias Sociais e Pol\u00edticas \u2013 ISCSP in Lisbon. He was awarded a Ph.D. in Psychology at Catholic University of Louvain, Belgium. He has been invited as a conference key note speaker in the area of the human resources management. He lectures in leadership, organisational behaviour and human resources. He is expert in advanced training courses for executives. He is author of a number of books and has published many articles in refereed Journals and in refereed international conferences in the field of human resources and organisational behaviour. He is also a member of the Editorial Board of several academic journals. He has supervised and examined several PhD theses and master dissertations. He has extensive experience as a consultant both in private and in public companies. In recent years, his research has been focused on studying the importance of managing intellectual capital as a driver of organisational innovation.<\/p>\n<p>[\/et_pb_team_member][\/et_pb_column][\/et_pb_row][et_pb_row use_custom_gutter=&#8221;on&#8221; gutter_width=&#8221;2&#8243; custom_padding_last_edited=&#8221;on|desktop&#8221; _builder_version=&#8221;4.24.0&#8243; custom_margin_tablet=&#8221;||30px||false|false&#8221; custom_margin_phone=&#8221;||30px||false|false&#8221; custom_margin_last_edited=&#8221;on|tablet&#8221; custom_padding=&#8221;|||&#8221; custom_padding_tablet=&#8221;0px||0px|&#8221; custom_padding_phone=&#8221;&#8221; locked=&#8221;off&#8221; global_colors_info=&#8221;{}&#8221;][et_pb_column type=&#8221;4_4&#8243; _builder_version=&#8221;4.16&#8243; custom_padding=&#8221;|||&#8221; global_colors_info=&#8221;{}&#8221; custom_padding__hover=&#8221;|||&#8221;][et_pb_team_member name=&#8221;Florinda Matos&#8221; position=&#8221;Portugal&#8221; image_url=&#8221;http:\/\/iclab.icaa.pt\/wp-content\/uploads\/sites\/2\/2024\/05\/Florinda_Matos_2.jpg&#8221; _builder_version=&#8221;4.24.0&#8243; _module_preset=&#8221;default&#8221; body_text_align=&#8221;justify&#8221; body_font_size=&#8221;13px&#8221; global_colors_info=&#8221;{}&#8221;]<\/p>\n<p>PhD in Social Sciences, Organizational Behavior Studies by Technical University of Lisbon. She has a master&#8217;s degree in business sciences by ISCTE &#8211; IUL Business School, an Engineer&#8217;s degree, in Agricultural Engineering and a Licentiate degree in Management of Agricultural Business by Polytechnic Institute of Santar\u00e9m.<br \/>She teaches several disciplines in graduate and post-graduate courses (marketing, intellectual capital, knowledge management, innovation, entrepreneurship, reward systems, human capital management) and she is a business consultant. Her main research interests are: Knowledge Management, Intellectual Capital, Measuring of Intangibles, Marketing Strategy, Innovation and Entrepreneurship.<br \/>Currently, she is ICAA\u2019s (Intellectual Capital Association) president and she is leading the ICLab \u2013 Intellectual Capital Research Center. She is a member of the DINAMIA&#8217;CET and of the Research Centre for History and Science, Prof. Joaquim Ver\u00edssimo Serr\u00e3o, Portugal.<br \/>She is member of the scientific committee of several international conferences. She has more than 30 published academic articles, papers, book chapters and scientific specialized journals, related to knowledge management, intellectual capital and innovation. She has also been an active participant in the press, where she has published more than 200 articles of opinion on issues of economic and social actuality.<\/p>\n<p>[\/et_pb_team_member][\/et_pb_column][\/et_pb_row][et_pb_row use_custom_gutter=&#8221;on&#8221; gutter_width=&#8221;2&#8243; custom_padding_last_edited=&#8221;on|desktop&#8221; _builder_version=&#8221;4.24.0&#8243; custom_margin_tablet=&#8221;||30px||false|false&#8221; custom_margin_phone=&#8221;||30px||false|false&#8221; custom_margin_last_edited=&#8221;on|phone&#8221; custom_padding=&#8221;|||&#8221; custom_padding_tablet=&#8221;0px||0px|&#8221; custom_padding_phone=&#8221;&#8221; locked=&#8221;off&#8221; global_colors_info=&#8221;{}&#8221;][et_pb_column type=&#8221;4_4&#8243; _builder_version=&#8221;4.16&#8243; custom_padding=&#8221;|||&#8221; global_colors_info=&#8221;{}&#8221; custom_padding__hover=&#8221;|||&#8221;][et_pb_team_member name=&#8221;Valter Vairinhos&#8221; position=&#8221;Portugal&#8221; image_url=&#8221;http:\/\/iclab.icaa.pt\/wp-content\/uploads\/sites\/2\/2024\/05\/Valter_Vairinhos.png&#8221; _builder_version=&#8221;4.24.0&#8243; _module_preset=&#8221;default&#8221; body_text_align=&#8221;justify&#8221; body_font_size=&#8221;13px&#8221; global_colors_info=&#8221;{}&#8221;]<\/p>\n<p>Retired Portuguese Navy officer where he served as a naval engineer between 1964 and 2009. He got his Naval Engineer Degree from Portuguese Naval School, an Applied Mathematics Degree (Licenciatura), and a Master\u00b4s degree in Statistics and Operations Research from Faculdade de Ciencias, Lisbon Classic University and a Doctoral Degree \u2013 in Multivariate Data Analysis &#8211; from the Statistics Department, Salamanca University.<br \/>Currently he shares his investigation activity between ICAA-Santarem and the Departamento de Estat\u00edstica, Salamanca University.<br \/>His main investigative interests are related with graph data mining and automatic synthesis of results from multivariate data analysis, being the author of a methodology, based in intersection graphs, to generate automatic synthetic descriptions of results from multivariate data analysis and its implementation through a software (BiplotsPMD) where those ideas are put to use.<\/p>\n<p>[\/et_pb_team_member][\/et_pb_column][\/et_pb_row][\/et_pb_section]<\/p>\n","protected":false},"excerpt":{"rendered":"<p>Conselho Cient\u00edficoEste Conselho \u00e9 respons\u00e1vel pela orienta\u00e7\u00e3o e acompanhamento cient\u00edfico do IC Lab.Professor and Phd Coordinator at Instituto Superior de Ci\u00eancias Sociais e Pol\u00edticas \u2013 ISCSP in Lisbon. He was awarded a Ph.D. in Psychology at Catholic University of Louvain, Belgium. He has been invited as a conference key note speaker in the area of [&hellip;]<\/p>\n","protected":false},"author":1,"featured_media":243,"parent":0,"menu_order":0,"comment_status":"closed","ping_status":"closed","template":"","meta":{"_et_pb_use_builder":"on","_et_pb_old_content":"","_et_gb_content_width":"","footnotes":""},"class_list":["post-126","page","type-page","status-publish","has-post-thumbnail","hentry"],"aioseo_notices":[],"_links":{"self":[{"href":"https:\/\/iclab.icaa.pt\/en\/wp-json\/wp\/v2\/pages\/126","targetHints":{"allow":["GET"]}}],"collection":[{"href":"https:\/\/iclab.icaa.pt\/en\/wp-json\/wp\/v2\/pages"}],"about":[{"href":"https:\/\/iclab.icaa.pt\/en\/wp-json\/wp\/v2\/types\/page"}],"author":[{"embeddable":true,"href":"https:\/\/iclab.icaa.pt\/en\/wp-json\/wp\/v2\/users\/1"}],"replies":[{"embeddable":true,"href":"https:\/\/iclab.icaa.pt\/en\/wp-json\/wp\/v2\/comments?post=126"}],"version-history":[{"count":4,"href":"https:\/\/iclab.icaa.pt\/en\/wp-json\/wp\/v2\/pages\/126\/revisions"}],"predecessor-version":[{"id":151,"href":"https:\/\/iclab.icaa.pt\/en\/wp-json\/wp\/v2\/pages\/126\/revisions\/151"}],"wp:featuredmedia":[{"embeddable":true,"href":"https:\/\/iclab.icaa.pt\/en\/wp-json\/wp\/v2\/media\/243"}],"wp:attachment":[{"href":"https:\/\/iclab.icaa.pt\/en\/wp-json\/wp\/v2\/media?parent=126"}],"curies":[{"name":"wp","href":"https:\/\/api.w.org\/{rel}","templated":true}]}}