{"id":61,"date":"2024-05-16T11:31:05","date_gmt":"2024-05-16T11:31:05","guid":{"rendered":"https:\/\/iclab.icaa.pt\/?page_id=61"},"modified":"2024-05-16T14:28:31","modified_gmt":"2024-05-16T14:28:31","slug":"politica-de-cookies","status":"publish","type":"page","link":"https:\/\/iclab.icaa.pt\/en\/politica-de-cookies\/","title":{"rendered":"Cookies Policy"},"content":{"rendered":"<p>[et_pb_section fb_built=&#8221;1&#8243; admin_label=&#8221;Title&#8221; _builder_version=&#8221;4.23&#8243; _module_preset=&#8221;default&#8221; background_color=&#8221;gcid-c5e5cc09-5d4f-4c97-9d5b-5ce8359efee6&#8243; custom_margin=&#8221;0px||0px||false|false&#8221; custom_padding=&#8221;20px||20px||false|false&#8221; global_colors_info=&#8221;{%22gcid-c5e5cc09-5d4f-4c97-9d5b-5ce8359efee6%22:%91%22background_color%22%93}&#8221; theme_builder_area=&#8221;post_content&#8221;][et_pb_row _builder_version=&#8221;4.23&#8243; _module_preset=&#8221;default&#8221; custom_margin=&#8221;||||false|false&#8221; global_colors_info=&#8221;{}&#8221; theme_builder_area=&#8221;post_content&#8221;][et_pb_column type=&#8221;4_4&#8243; _builder_version=&#8221;4.23&#8243; _module_preset=&#8221;default&#8221; global_colors_info=&#8221;{}&#8221; theme_builder_area=&#8221;post_content&#8221;][et_pb_text _builder_version=&#8221;4.23&#8243; text_font=&#8221;||||||||&#8221; text_text_color=&#8221;#34ABD6&#8243; header_font=&#8221;||||||||&#8221; header_3_font=&#8221;Poppins|600|||||||&#8221; header_3_text_color=&#8221;#44d89e&#8221; header_3_font_size=&#8221;36px&#8221; header_3_line_height=&#8221;1.4em&#8221; global_colors_info=&#8221;{}&#8221; theme_builder_area=&#8221;post_content&#8221;]<\/p>\n<h3 style=\"text-align: center\"><span style=\"color: #ffffff\">Pol\u00edtica de Cookies<br \/><\/span><\/h3>\n<p>[\/et_pb_text][\/et_pb_column][\/et_pb_row][\/et_pb_section][et_pb_section fb_built=&#8221;1&#8243; admin_label=&#8221;About Us&#8221; _builder_version=&#8221;4.23&#8243; background_enable_color=&#8221;off&#8221; custom_padding=&#8221;0px|0px|50px|0px|false|false&#8221; global_colors_info=&#8221;{}&#8221; theme_builder_area=&#8221;post_content&#8221;][et_pb_row _builder_version=&#8221;4.23&#8243; background_size=&#8221;initial&#8221; background_position=&#8221;top_left&#8221; background_repeat=&#8221;repeat&#8221; custom_margin=&#8221;0px||0px||false|false&#8221; custom_padding=&#8221;0px||0px||false|false&#8221; locked=&#8221;off&#8221; global_colors_info=&#8221;{}&#8221; theme_builder_area=&#8221;post_content&#8221;][et_pb_column type=&#8221;4_4&#8243; _builder_version=&#8221;4.16&#8243; custom_padding=&#8221;60px|||&#8221; global_colors_info=&#8221;{}&#8221; custom_padding__hover=&#8221;|||&#8221; theme_builder_area=&#8221;post_content&#8221;][et_pb_text _builder_version=&#8221;4.23&#8243; text_font=&#8221;Open Sans||||||||&#8221; text_font_size=&#8221;15px&#8221; text_line_height=&#8221;1.8em&#8221; header_font=&#8221;||||||||&#8221; background_layout=&#8221;dark&#8221; global_colors_info=&#8221;{}&#8221; theme_builder_area=&#8221;post_content&#8221;]<\/p>\n<p><span style=\"color: #486066\">Este texto refere-se apenas \u00e0 Pol\u00edtica de Cookies aplic\u00e1vel aos websites ICAA (www.icaa.pt), IC Academy (www.icacademy.icaa.pt), IC Lab (www.iclab.icaa.pt) e GFIC (www.gfic.icaa.pt).<br \/>&#8220;Cookies&#8221; s\u00e3o pequenas etiquetas de software que s\u00e3o armazenadas nos equipamentos de acesso atrav\u00e9s do navegador (browser), retendo apenas informa\u00e7\u00e3o relacionada com as suas prefer\u00eancias, n\u00e3o incluindo, como tal, os seus dados pessoais.<br \/>Os cookies servem para ajudar a determinar a utilidade, interesse e o n\u00famero de utiliza\u00e7\u00f5es dos websites, permitindo uma navega\u00e7\u00e3o mais r\u00e1pida e eficiente, eliminando a necessidade de introduzir repetidamente as mesmas informa\u00e7\u00f5es.<\/span><\/p>\n<p><span style=\"color: #486066\"><br \/>Existem dois grupos cookies que podem ser utilizados:<\/span><\/p>\n<p style=\"padding-left: 40px\"><span style=\"color: #486066\">\u2022 <strong>Cookies Permanentes:<\/strong> S\u00e3o cookies que ficam armazenados ao n\u00edvel do browser nos equipamentos de acesso (PC, mobile e tablet) e que s\u00e3o utilizados sempre que faz uma nova visita a um dos websites ICAA. S\u00e3o utilizados, geralmente, para direcionar a navega\u00e7\u00e3o aos interesses do utilizador, permitindo prestar um servi\u00e7o mais personalizado.<br \/>\u2022 <strong>Cookies de Sess\u00e3o:<\/strong> S\u00e3o cookies tempor\u00e1rios que permanecem no arquivo de cookies do browser at\u00e9 sair do website. A informa\u00e7\u00e3o obtida por estes cookies serve para analisar padr\u00f5es de tr\u00e1fego na web, permitindo identificar problemas e fornecer uma melhor experiencia de navega\u00e7\u00e3o.<\/span><\/p>\n<p><span style=\"color: #486066\"><br \/>Os cookies s\u00e3o utilizados com os seguintes fins:<\/span><\/p>\n<p style=\"padding-left: 40px\"><span style=\"color: #486066\">\u2022 <strong>Cookies Estritamente Necess\u00e1rios:<\/strong> Permitem a navega\u00e7\u00e3o no website e utiliza\u00e7\u00e3o das aplica\u00e7\u00f5es, bem como aceder a \u00e1reas seguras do website. Sem estes cookies, os servi\u00e7os que tenha requerido n\u00e3o podem ser prestados.<br \/>\u2022 <strong>Cookies Anal\u00edticos:<\/strong> S\u00e3o utilizados anonimamente para efeitos de cria\u00e7\u00e3o e an\u00e1lise de estat\u00edsticas, no sentido de melhorar o funcionamento do website.<br \/>\u2022 <strong>Cookies de Funcionalidade:<\/strong> Guardam as prefer\u00eancias do utilizador relativamente \u00e0 utiliza\u00e7\u00e3o do website, para que n\u00e3o seja necess\u00e1rio voltar a configurar o website cada vez que o visita.<\/span><\/p>\n<p><span style=\"color: #486066\"><br \/>Todos os browsers permitem ao utilizador aceitar, recusar ou apagar cookies, e ainda informar o utilizador sempre que um cookie \u00e9 recebido, nomeadamente atrav\u00e9s da sele\u00e7\u00e3o das defini\u00e7\u00f5es apropriadas no respetivo navegador. O utilizador pode configurar os cookies no menu &#8220;op\u00e7\u00f5es&#8221; ou &#8220;prefer\u00eancias&#8221; do seu browser.<br \/>Note-se, no entanto, que, ao desativar cookies, pode impedir que alguns servi\u00e7os da web funcionem corretamente, afetando, parcial ou totalmente, a navega\u00e7\u00e3o no website.<br \/><\/span><\/p>\n<p>[\/et_pb_text][\/et_pb_column][\/et_pb_row][\/et_pb_section]<\/p>\n","protected":false},"excerpt":{"rendered":"<p>Pol\u00edtica de CookiesEste texto refere-se apenas \u00e0 Pol\u00edtica de Cookies aplic\u00e1vel aos websites ICAA (www.icaa.pt), IC Academy (www.icacademy.icaa.pt), IC Lab (www.iclab.icaa.pt) e GFIC (www.gfic.icaa.pt).&#8221;Cookies&#8221; s\u00e3o pequenas etiquetas de software que s\u00e3o armazenadas nos equipamentos de acesso atrav\u00e9s do navegador (browser), retendo apenas informa\u00e7\u00e3o relacionada com as suas prefer\u00eancias, n\u00e3o incluindo, como tal, os seus dados [&hellip;]<\/p>\n","protected":false},"author":1,"featured_media":243,"parent":0,"menu_order":0,"comment_status":"closed","ping_status":"closed","template":"","meta":{"_et_pb_use_builder":"on","_et_pb_old_content":"<!-- wp:divi\/placeholder \/-->","_et_gb_content_width":"","footnotes":""},"class_list":["post-61","page","type-page","status-publish","has-post-thumbnail","hentry"],"aioseo_notices":[],"_links":{"self":[{"href":"https:\/\/iclab.icaa.pt\/en\/wp-json\/wp\/v2\/pages\/61","targetHints":{"allow":["GET"]}}],"collection":[{"href":"https:\/\/iclab.icaa.pt\/en\/wp-json\/wp\/v2\/pages"}],"about":[{"href":"https:\/\/iclab.icaa.pt\/en\/wp-json\/wp\/v2\/types\/page"}],"author":[{"embeddable":true,"href":"https:\/\/iclab.icaa.pt\/en\/wp-json\/wp\/v2\/users\/1"}],"replies":[{"embeddable":true,"href":"https:\/\/iclab.icaa.pt\/en\/wp-json\/wp\/v2\/comments?post=61"}],"version-history":[{"count":3,"href":"https:\/\/iclab.icaa.pt\/en\/wp-json\/wp\/v2\/pages\/61\/revisions"}],"predecessor-version":[{"id":74,"href":"https:\/\/iclab.icaa.pt\/en\/wp-json\/wp\/v2\/pages\/61\/revisions\/74"}],"wp:featuredmedia":[{"embeddable":true,"href":"https:\/\/iclab.icaa.pt\/en\/wp-json\/wp\/v2\/media\/243"}],"wp:attachment":[{"href":"https:\/\/iclab.icaa.pt\/en\/wp-json\/wp\/v2\/media?parent=61"}],"curies":[{"name":"wp","href":"https:\/\/api.w.org\/{rel}","templated":true}]}}