{"id":63,"date":"2024-05-16T11:31:37","date_gmt":"2024-05-16T11:31:37","guid":{"rendered":"https:\/\/iclab.icaa.pt\/?page_id=63"},"modified":"2024-05-16T14:28:31","modified_gmt":"2024-05-16T14:28:31","slug":"politica-de-privacidade","status":"publish","type":"page","link":"https:\/\/iclab.icaa.pt\/en\/politica-de-privacidade\/","title":{"rendered":"Privacy Policy"},"content":{"rendered":"<p>[et_pb_section fb_built=&#8221;1&#8243; admin_label=&#8221;Title&#8221; _builder_version=&#8221;4.23&#8243; _module_preset=&#8221;default&#8221; background_color=&#8221;gcid-c5e5cc09-5d4f-4c97-9d5b-5ce8359efee6&#8243; custom_margin=&#8221;0px||0px||false|false&#8221; custom_padding=&#8221;20px||20px||false|false&#8221; global_colors_info=&#8221;{%22gcid-c5e5cc09-5d4f-4c97-9d5b-5ce8359efee6%22:%91%22background_color%22%93}&#8221; theme_builder_area=&#8221;post_content&#8221;][et_pb_row _builder_version=&#8221;4.23&#8243; _module_preset=&#8221;default&#8221; custom_margin=&#8221;||||false|false&#8221; global_colors_info=&#8221;{}&#8221; theme_builder_area=&#8221;post_content&#8221;][et_pb_column type=&#8221;4_4&#8243; _builder_version=&#8221;4.23&#8243; _module_preset=&#8221;default&#8221; global_colors_info=&#8221;{}&#8221; theme_builder_area=&#8221;post_content&#8221;][et_pb_text _builder_version=&#8221;4.23&#8243; text_font=&#8221;||||||||&#8221; text_text_color=&#8221;#34ABD6&#8243; header_font=&#8221;||||||||&#8221; header_3_font=&#8221;Poppins|600|||||||&#8221; header_3_text_color=&#8221;#44d89e&#8221; header_3_font_size=&#8221;36px&#8221; header_3_line_height=&#8221;1.4em&#8221; global_colors_info=&#8221;{}&#8221; theme_builder_area=&#8221;post_content&#8221;]<\/p>\n<h3 style=\"text-align: center\"><span style=\"color: #ffffff\">Pol\u00edtica de Privacidade<br \/><\/span><\/h3>\n<p>[\/et_pb_text][\/et_pb_column][\/et_pb_row][\/et_pb_section][et_pb_section fb_built=&#8221;1&#8243; admin_label=&#8221;About Us&#8221; _builder_version=&#8221;4.23&#8243; background_enable_color=&#8221;off&#8221; custom_padding=&#8221;0px|0px|50px|0px|false|false&#8221; global_colors_info=&#8221;{}&#8221; theme_builder_area=&#8221;post_content&#8221;][et_pb_row _builder_version=&#8221;4.23&#8243; background_size=&#8221;initial&#8221; background_position=&#8221;top_left&#8221; background_repeat=&#8221;repeat&#8221; custom_margin=&#8221;0px||0px||false|false&#8221; custom_padding=&#8221;0px||0px||false|false&#8221; locked=&#8221;off&#8221; global_colors_info=&#8221;{}&#8221; theme_builder_area=&#8221;post_content&#8221;][et_pb_column type=&#8221;4_4&#8243; _builder_version=&#8221;4.16&#8243; custom_padding=&#8221;60px|||&#8221; global_colors_info=&#8221;{}&#8221; custom_padding__hover=&#8221;|||&#8221; theme_builder_area=&#8221;post_content&#8221;][et_pb_text _builder_version=&#8221;4.23&#8243; text_font=&#8221;Open Sans||||||||&#8221; text_font_size=&#8221;15px&#8221; text_line_height=&#8221;1.8em&#8221; header_font=&#8221;||||||||&#8221; background_layout=&#8221;dark&#8221; global_colors_info=&#8221;{}&#8221; theme_builder_area=&#8221;post_content&#8221;]<\/p>\n<p><span style=\"color: #486066\">Este texto refere-se apenas \u00e0 Pol\u00edtica de Privacidade aplic\u00e1vel aos websites ICAA (www.icaa.pt), IC Academy (www.icacademy.icaa.pt), IC Lab (www.iclab.icaa.pt) e GFIC (www.gfic.icaa.pt).<br \/>A ICAA \u2013 Associa\u00e7\u00e3o para a Gest\u00e3o do Capital Intelectual, enquanto respons\u00e1vel pelo tratamento da informa\u00e7\u00e3o, observa a qualidade dos dados e a legitimidade do seu tratamento nos termos legais, nomeadamente a licitude do tratamento dos mesmos, a n\u00e3o utiliza\u00e7\u00e3o posterior para fins diversos dos enunciados, bem como a possibilidade de atualiza\u00e7\u00e3o, retifica\u00e7\u00e3o ou elimina\u00e7\u00e3o pelo respetivo titular.<br \/>A ICAA assegura que os dados recolhidos s\u00e3o os estritamente necess\u00e1rios ao cumprimento das finalidades de gest\u00e3o dos associados e visam possibilitar o envio da Newsletter da ICAA.<br \/>Os websites ICAA, IC Academy, IC Lab e GFIC cont\u00eam hiperliga\u00e7\u00f5es (links) para outros websites, pelo que se recomenda a consulta das p\u00e1ginas que, dentro desses websites, se refiram \u00e0s suas pol\u00edticas de privacidade.<br \/>N\u00e3o nos responsabilizamos pela pol\u00edtica de privacidade ou pelo conte\u00fado apresentado nesses mesmos websites.<br \/><\/span><\/p>\n<p><span style=\"color: #486066\"><\/span><\/p>\n<p><span style=\"color: #486066\"><strong>Acesso aos Dados Pessoais<\/strong><\/span><\/p>\n<p><span style=\"color: #486066\">Ter\u00e3o acesso aos seus dados pessoais exclusivamente a ICAA e n\u00e3o cederemos os mesmos a qualquer entidade terceira.<br \/>A ICAA reserva-se o direito de alterar a Pol\u00edtica de Privacidade, pelo que se aconselha a leitura regular deste documento.<br \/>Informa\u00e7\u00e3o mais detalhada sobre prote\u00e7\u00e3o de dados pessoais pode ser obtida atrav\u00e9s de consulta \u00e0 legisla\u00e7\u00e3o de prote\u00e7\u00e3o de dados pessoais em vigor, nomeadamente o Regulamento (UE) 2016\/679 do Parlamento Europeu e do Conselho, de 27 de abril de 2016, relativo \u00e0 prote\u00e7\u00e3o das pessoas singulares no que diz respeito ao tratamento de dados pessoais e \u00e0 livre circula\u00e7\u00e3o desses dados e que revoga a Diretiva 95\/46\/CE (Regulamento Geral sobre a Prote\u00e7\u00e3o de Dados), que entrou em vigor a 25 de Maio de 2018.<\/span><\/p>\n<p><span style=\"color: #486066\"><br \/><strong>Os Seus Direitos<\/strong><\/span><\/p>\n<p><span style=\"color: #486066\">Pode, a todo o tempo, exercer os seus direitos (o direito de acesso aos dados pessoais, o direito de apagamento dos dados pessoais, o direito \u00e0 retifica\u00e7\u00e3o dos dados pessoais, \u00e0 limita\u00e7\u00e3o do tratamento, oposi\u00e7\u00e3o ao tratamento e o direito de portabilidade dos dados) atrav\u00e9s do nosso Encarregado de Prote\u00e7\u00e3o de Dados (info@icaa.pt).<br \/>Poder\u00e1, a qualquer momento, opor-se ao envio da Newsletter, utilizando para o efeito a op\u00e7\u00e3o de &#8220;optout&#8221; no final de cada comunica\u00e7\u00e3o recebida. Em alternativa, poder\u00e1 utilizar o nosso formul\u00e1rio de contacto no website, com a informa\u00e7\u00e3o &#8220;(newsletter n\u00e3o)&#8221;.<br \/><\/span><\/p>\n<p>[\/et_pb_text][\/et_pb_column][\/et_pb_row][\/et_pb_section]<\/p>\n","protected":false},"excerpt":{"rendered":"<p>Pol\u00edtica de PrivacidadeEste texto refere-se apenas \u00e0 Pol\u00edtica de Privacidade aplic\u00e1vel aos websites ICAA (www.icaa.pt), IC Academy (www.icacademy.icaa.pt), IC Lab (www.iclab.icaa.pt) e GFIC (www.gfic.icaa.pt).A ICAA \u2013 Associa\u00e7\u00e3o para a Gest\u00e3o do Capital Intelectual, enquanto respons\u00e1vel pelo tratamento da informa\u00e7\u00e3o, observa a qualidade dos dados e a legitimidade do seu tratamento nos termos legais, nomeadamente a [&hellip;]<\/p>\n","protected":false},"author":1,"featured_media":243,"parent":0,"menu_order":0,"comment_status":"closed","ping_status":"closed","template":"","meta":{"_et_pb_use_builder":"on","_et_pb_old_content":"<!-- wp:divi\/placeholder \/-->","_et_gb_content_width":"","footnotes":""},"class_list":["post-63","page","type-page","status-publish","has-post-thumbnail","hentry"],"aioseo_notices":[],"_links":{"self":[{"href":"https:\/\/iclab.icaa.pt\/en\/wp-json\/wp\/v2\/pages\/63","targetHints":{"allow":["GET"]}}],"collection":[{"href":"https:\/\/iclab.icaa.pt\/en\/wp-json\/wp\/v2\/pages"}],"about":[{"href":"https:\/\/iclab.icaa.pt\/en\/wp-json\/wp\/v2\/types\/page"}],"author":[{"embeddable":true,"href":"https:\/\/iclab.icaa.pt\/en\/wp-json\/wp\/v2\/users\/1"}],"replies":[{"embeddable":true,"href":"https:\/\/iclab.icaa.pt\/en\/wp-json\/wp\/v2\/comments?post=63"}],"version-history":[{"count":3,"href":"https:\/\/iclab.icaa.pt\/en\/wp-json\/wp\/v2\/pages\/63\/revisions"}],"predecessor-version":[{"id":77,"href":"https:\/\/iclab.icaa.pt\/en\/wp-json\/wp\/v2\/pages\/63\/revisions\/77"}],"wp:featuredmedia":[{"embeddable":true,"href":"https:\/\/iclab.icaa.pt\/en\/wp-json\/wp\/v2\/media\/243"}],"wp:attachment":[{"href":"https:\/\/iclab.icaa.pt\/en\/wp-json\/wp\/v2\/media?parent=63"}],"curies":[{"name":"wp","href":"https:\/\/api.w.org\/{rel}","templated":true}]}}