{"id":65,"date":"2024-05-16T11:33:33","date_gmt":"2024-05-16T11:33:33","guid":{"rendered":"https:\/\/iclab.icaa.pt\/?page_id=65"},"modified":"2024-05-16T14:28:31","modified_gmt":"2024-05-16T14:28:31","slug":"termos-e-condicoes","status":"publish","type":"page","link":"https:\/\/iclab.icaa.pt\/en\/termos-e-condicoes\/","title":{"rendered":"Terms and Conditions"},"content":{"rendered":"<p>[et_pb_section fb_built=&#8221;1&#8243; admin_label=&#8221;Title&#8221; _builder_version=&#8221;4.23&#8243; _module_preset=&#8221;default&#8221; background_color=&#8221;gcid-c5e5cc09-5d4f-4c97-9d5b-5ce8359efee6&#8243; custom_margin=&#8221;0px||0px||false|false&#8221; custom_padding=&#8221;20px||20px||false|false&#8221; global_colors_info=&#8221;{%22gcid-c5e5cc09-5d4f-4c97-9d5b-5ce8359efee6%22:%91%22background_color%22%93}&#8221; theme_builder_area=&#8221;post_content&#8221;][et_pb_row _builder_version=&#8221;4.23&#8243; _module_preset=&#8221;default&#8221; custom_margin=&#8221;||||false|false&#8221; global_colors_info=&#8221;{}&#8221; theme_builder_area=&#8221;post_content&#8221;][et_pb_column type=&#8221;4_4&#8243; _builder_version=&#8221;4.23&#8243; _module_preset=&#8221;default&#8221; global_colors_info=&#8221;{}&#8221; theme_builder_area=&#8221;post_content&#8221;][et_pb_text _builder_version=&#8221;4.23&#8243; text_font=&#8221;||||||||&#8221; text_text_color=&#8221;#34ABD6&#8243; header_font=&#8221;||||||||&#8221; header_3_font=&#8221;Poppins|600|||||||&#8221; header_3_text_color=&#8221;#44d89e&#8221; header_3_font_size=&#8221;36px&#8221; header_3_line_height=&#8221;1.4em&#8221; global_colors_info=&#8221;{}&#8221; theme_builder_area=&#8221;post_content&#8221;]<\/p>\n<h3 style=\"text-align: center\"><span style=\"color: #ffffff\">Termos e Condi\u00e7\u00f5es<br \/><\/span><\/h3>\n<p>[\/et_pb_text][\/et_pb_column][\/et_pb_row][\/et_pb_section][et_pb_section fb_built=&#8221;1&#8243; admin_label=&#8221;About Us&#8221; _builder_version=&#8221;4.23&#8243; background_enable_color=&#8221;off&#8221; custom_padding=&#8221;0px|0px|50px|0px|false|false&#8221; global_colors_info=&#8221;{}&#8221; theme_builder_area=&#8221;post_content&#8221;][et_pb_row _builder_version=&#8221;4.23&#8243; background_size=&#8221;initial&#8221; background_position=&#8221;top_left&#8221; background_repeat=&#8221;repeat&#8221; custom_margin=&#8221;0px||0px||false|false&#8221; custom_padding=&#8221;0px||0px||false|false&#8221; locked=&#8221;off&#8221; global_colors_info=&#8221;{}&#8221; theme_builder_area=&#8221;post_content&#8221;][et_pb_column type=&#8221;4_4&#8243; _builder_version=&#8221;4.16&#8243; custom_padding=&#8221;60px|||&#8221; global_colors_info=&#8221;{}&#8221; custom_padding__hover=&#8221;|||&#8221; theme_builder_area=&#8221;post_content&#8221;][et_pb_text _builder_version=&#8221;4.23&#8243; text_font=&#8221;Open Sans||||||||&#8221; text_font_size=&#8221;15px&#8221; text_line_height=&#8221;1.8em&#8221; header_font=&#8221;||||||||&#8221; background_layout=&#8221;dark&#8221; global_colors_info=&#8221;{}&#8221; theme_builder_area=&#8221;post_content&#8221;]<\/p>\n<p><span style=\"color: #486066\">Este texto refere-se apenas ao Termos e Condi\u00e7\u00f5es aplic\u00e1veis aos websites ICAA (www.icaa.pt), IC Academy (www.icacademy.icaa.pt), IC Lab (www.iclab.icaa.pt) e GFIC (www.gfic.icaa.pt).<br \/>O conte\u00fado dos websites \u00e9 protegido por direitos de autor e direitos conexos, bem como pelo direito de propriedade industrial, ao abrigo das leis portuguesas e da Uni\u00e3o Europeia, n\u00e3o podendo ser utilizado fora das condi\u00e7\u00f5es admitidas no uso desta p\u00e1gina, sem consentimento da ICAA.<br \/>Os direitos de propriedade intelectual de todos os conte\u00fados dos websites que n\u00e3o visem o fornecimento externo e consequentemente n\u00e3o sejam devidamente identificados, s\u00e3o perten\u00e7a da ICAA, incluindo as informa\u00e7\u00f5es, as ferramentas, o grafismo, as imagens, gr\u00e1ficos ou textos. A ICAA rejeita qualquer responsabilidade pela usurpa\u00e7\u00e3o e uso indevido dos elementos acima citados, salvo as exce\u00e7\u00f5es permitidas por lei, nomeadamente o direito de cita\u00e7\u00e3o, desde que claramente identificada a sua origem. O conte\u00fado deste website n\u00e3o poder\u00e1 ser copiado, alterado ou distribu\u00eddo, salvo com autoriza\u00e7\u00e3o expressa da ICAA.<br \/>A ICAA reserva-se o direito de interromper o acesso aos websites pelo per\u00edodo que determine como necess\u00e1rio, por quaisquer raz\u00f5es de ordem t\u00e9cnica, administrativa, de for\u00e7a maior ou outras que possam surgir e n\u00e3o estejam diretamente aqui contempladas.<br \/>Todas as tentativas de adultera\u00e7\u00e3o dos conte\u00fados ou da estrutura dos websites e dos seus meios anexos, ou qualquer outra a\u00e7\u00e3o que possa causar danos e p\u00f4r em risco a integridade do sistema podem ser objeto de procedimento judicial.<br \/>Os conte\u00fados est\u00e3o atualizados \u00e0 presente data. No entanto, e dada a interliga\u00e7\u00e3o com diferentes entidades que constituem fonte de informa\u00e7\u00e3o dos websites, poder\u00e3o n\u00e3o estar sempre atualizados, apesar do esfor\u00e7o efetuado de forma regular para esse efeito. Nesse sentido, a ICAA n\u00e3o se responsabiliza por quaisquer danos ou perdas, diretos ou indiretos, sofridos por qualquer utilizador, relativamente \u00e0 informa\u00e7\u00e3o contida nestes websites.<\/span><\/p>\n<p><span style=\"color: #486066\"><br \/><strong>Seguran\u00e7a da Navega\u00e7\u00e3o<\/strong><\/span><\/p>\n<p><span style=\"color: #486066\">Podemos garantir que todos os pedidos que faz nos nossos websites s\u00e3o seguros, j\u00e1 que utilizamos medidas de seguran\u00e7a rigorosas para o efeito, nomeadamente, o uso do eficiente Servidor Secure Sockets Layer (SSL). Com este servidor, qualquer informa\u00e7\u00e3o que introduza \u00e9 criptografada antes de ser transmitida, tornando-se bastante improv\u00e1vel que qualquer terceiro aceda aos seus dados ou intercete as informa\u00e7\u00f5es que foram transmitidas.<br \/>No sentido de criar um n\u00edvel de seguran\u00e7a m\u00e1xima, pode, ainda, verificar se est\u00e1 a utilizar o seu navegador (browser) de uma forma segura, se olhar para a barra de endere\u00e7o e verificar a exist\u00eancia de um \u00edcone (imagem) de um cadeado fechado.<br \/>O endere\u00e7o introduzido deve, tamb\u00e9m, come\u00e7ar por https. O &#8220;s&#8221; indica que est\u00e1 a navegar numa p\u00e1gina segura. Informamos que deve ter o cuidado de proceder deste modo em qualquer p\u00e1gina onde tencione fornecer os seus dados pessoais ou dados sens\u00edveis e importantes. As vers\u00f5es mais recentes dos navegadores (browser) e as mais populares, como o Internet Explorer, o Chrome, o Safari e o Firefox suportam estas conex\u00f5es seguras. Se por alguma raz\u00e3o esta op\u00e7\u00e3o tiver sido desativada no seu navegador (browser), n\u00e3o ser\u00e1 capaz de efetuar o login at\u00e9 voltar a ativ\u00e1-la. Poder\u00e1 encontrar esta op\u00e7\u00e3o nas configura\u00e7\u00f5es do navegador (browser), no menu, em &#8220;seguran\u00e7a&#8221;.<br \/><\/span><span style=\"color: #486066\"><\/span><\/p>\n<p>[\/et_pb_text][\/et_pb_column][\/et_pb_row][\/et_pb_section]<\/p>\n","protected":false},"excerpt":{"rendered":"<p>Termos e Condi\u00e7\u00f5esEste texto refere-se apenas ao Termos e Condi\u00e7\u00f5es aplic\u00e1veis aos websites ICAA (www.icaa.pt), IC Academy (www.icacademy.icaa.pt), IC Lab (www.iclab.icaa.pt) e GFIC (www.gfic.icaa.pt).O conte\u00fado dos websites \u00e9 protegido por direitos de autor e direitos conexos, bem como pelo direito de propriedade industrial, ao abrigo das leis portuguesas e da Uni\u00e3o Europeia, n\u00e3o podendo ser [&hellip;]<\/p>\n","protected":false},"author":1,"featured_media":243,"parent":0,"menu_order":0,"comment_status":"closed","ping_status":"closed","template":"","meta":{"_et_pb_use_builder":"on","_et_pb_old_content":"<!-- wp:divi\/placeholder \/-->","_et_gb_content_width":"","footnotes":""},"class_list":["post-65","page","type-page","status-publish","has-post-thumbnail","hentry"],"aioseo_notices":[],"_links":{"self":[{"href":"https:\/\/iclab.icaa.pt\/en\/wp-json\/wp\/v2\/pages\/65","targetHints":{"allow":["GET"]}}],"collection":[{"href":"https:\/\/iclab.icaa.pt\/en\/wp-json\/wp\/v2\/pages"}],"about":[{"href":"https:\/\/iclab.icaa.pt\/en\/wp-json\/wp\/v2\/types\/page"}],"author":[{"embeddable":true,"href":"https:\/\/iclab.icaa.pt\/en\/wp-json\/wp\/v2\/users\/1"}],"replies":[{"embeddable":true,"href":"https:\/\/iclab.icaa.pt\/en\/wp-json\/wp\/v2\/comments?post=65"}],"version-history":[{"count":3,"href":"https:\/\/iclab.icaa.pt\/en\/wp-json\/wp\/v2\/pages\/65\/revisions"}],"predecessor-version":[{"id":80,"href":"https:\/\/iclab.icaa.pt\/en\/wp-json\/wp\/v2\/pages\/65\/revisions\/80"}],"wp:featuredmedia":[{"embeddable":true,"href":"https:\/\/iclab.icaa.pt\/en\/wp-json\/wp\/v2\/media\/243"}],"wp:attachment":[{"href":"https:\/\/iclab.icaa.pt\/en\/wp-json\/wp\/v2\/media?parent=65"}],"curies":[{"name":"wp","href":"https:\/\/api.w.org\/{rel}","templated":true}]}}